{"id":297,"date":"2013-02-13T13:30:44","date_gmt":"2013-02-13T13:30:44","guid":{"rendered":"https:\/\/uus.upex.ee\/ladustamisteenused-2\/"},"modified":"2023-03-03T09:32:42","modified_gmt":"2023-03-03T09:32:42","slug":"ladustamisteenused","status":"publish","type":"page","link":"https:\/\/upex.ee\/ru\/ladustamisteenused\/","title":{"rendered":"Ladustamisteenused"},"content":{"rendered":"<div  class='flex_column av-1d25w-c6e40209d125bc5ed4a975762e67d28f av_one_third  avia-builder-el-0  el_before_av_two_third  avia-builder-el-first  first flex_column_div  '     ><style type=\"text\/css\" data-created_by=\"avia_inline_auto\" id=\"style-css-av-lesc6mx9-850725f08b12c05f074212fe0ed62816\">\n.avia-image-container.av-lesc6mx9-850725f08b12c05f074212fe0ed62816 img.avia_image{\nbox-shadow:none;\n}\n.avia-image-container.av-lesc6mx9-850725f08b12c05f074212fe0ed62816 .av-image-caption-overlay-center{\ncolor:#ffffff;\n}\n<\/style>\n<div  class='avia-image-container av-lesc6mx9-850725f08b12c05f074212fe0ed62816 av-styling- avia-align-center  avia-builder-el-1  avia-builder-el-no-sibling '   itemprop=\"image\" itemscope=\"itemscope\" itemtype=\"https:\/\/schema.org\/ImageObject\" ><div class=\"avia-image-container-inner\"><div class=\"avia-image-overlay-wrap\"><img decoding=\"async\" fetchpriority=\"high\" class='wp-image-493 avia-img-lazy-loading-not-493 avia_image ' src=\"https:\/\/upex.ee\/wp-content\/uploads\/2013\/02\/warehouse_efficiency-300x193.jpg\" alt='' title='warehouse_efficiency'  height=\"193\" width=\"300\"  itemprop=\"thumbnailUrl\" srcset=\"https:\/\/upex.ee\/wp-content\/uploads\/2013\/02\/warehouse_efficiency-300x193.jpg 300w, https:\/\/upex.ee\/wp-content\/uploads\/2013\/02\/warehouse_efficiency.jpg 451w\" sizes=\"(max-width: 300px) 100vw, 300px\" \/><\/div><\/div><\/div><\/div>\n<div  class='flex_column av-yyg4-08931649c4da4e539489cf2f865406f6 av_two_third  avia-builder-el-2  el_after_av_one_third  avia-builder-el-last  flex_column_div  '     ><section  class='av_textblock_section av-lesc6qgf-136c605cc8b968c3827e4eff2a136b8b '   itemscope=\"itemscope\" itemtype=\"https:\/\/schema.org\/CreativeWork\" ><div class='avia_textblock'  itemprop=\"text\" ><p dir=\"ltr\" align=\"justify\"><b>UPEX LS O\u00dc\u00a0<\/b>\u00a0omab v\u00f5imalusi erinevate kaupade pika-\u00a0ja l\u00fchiajaliseks ladustamiseks. Meie laod on kinnised, turvatud,\u00a0k\u00f6etavad ja niiskusvabad.\u00a0Laod asuvad logistiliselt soodsas asupaigas ja on kergesti ligip\u00e4\u00e4setavad. Laos on olemas k\u00f5ik kaasaegsed tehnilised vahendid lihtsustamaks kaupade vastu- ja v\u00e4ljav\u00f5ttu &#8211; laot\u00f6\u00f6tajad, t\u00f5stukid, estakaadid, jne.<\/p>\n<p dir=\"ltr\" align=\"justify\"><strong>Meie poolt pakutavad teenused<\/strong><\/p>\n<ul dir=\"ltr\">\n<li>\n<div align=\"justify\">Hooajaline ladustamine<\/div>\n<\/li>\n<li>\n<div align=\"justify\">L\u00fchiajaline ladustamine<\/div>\n<\/li>\n<li>\n<div align=\"justify\">Pikaajaline ladustamine<\/div>\n<\/li>\n<li>\n<div align=\"justify\">Kolimisinventari ladustamine<\/div>\n<\/li>\n<li>\n<div align=\"justify\">N\u00e4ituseeksponaatide ladustamine<\/div>\n<\/li>\n<li>\n<div align=\"justify\">Terminaliteenused (laadimised, \u00fcmberlaadimised)<\/div>\n<\/li>\n<\/ul>\n<\/div><\/section><\/div>\n","protected":false},"excerpt":{"rendered":"","protected":false},"author":880585,"featured_media":0,"parent":0,"menu_order":0,"comment_status":"closed","ping_status":"closed","template":"","meta":{"_acf_changed":false,"footnotes":""},"class_list":["post-297","page","type-page","status-publish","hentry"],"acf":[],"yoast_head":"<!-- This site is optimized with the Yoast SEO plugin v27.3 - https:\/\/yoast.com\/product\/yoast-seo-wordpress\/ -->\n<title>Ladustamisteenused - Upex<\/title>\n<meta name=\"robots\" content=\"index, follow, max-snippet:-1, max-image-preview:large, max-video-preview:-1\" \/>\n<link rel=\"canonical\" href=\"https:\/\/upex.ee\/ru\/ladustamisteenused\/\" \/>\n<meta property=\"og:locale\" content=\"ru_RU\" \/>\n<meta property=\"og:type\" content=\"article\" \/>\n<meta property=\"og:title\" content=\"Ladustamisteenused - Upex\" \/>\n<meta property=\"og:url\" content=\"https:\/\/upex.ee\/ru\/ladustamisteenused\/\" \/>\n<meta property=\"og:site_name\" content=\"Upex\" \/>\n<meta property=\"article:modified_time\" content=\"2023-03-03T09:32:42+00:00\" \/>\n<meta name=\"twitter:card\" content=\"summary_large_image\" \/>\n<meta name=\"twitter:label1\" content=\"\u041f\u0440\u0438\u043c\u0435\u0440\u043d\u043e\u0435 \u0432\u0440\u0435\u043c\u044f \u0434\u043b\u044f \u0447\u0442\u0435\u043d\u0438\u044f\" \/>\n\t<meta name=\"twitter:data1\" content=\"6 minutes\" \/>\n<script type=\"application\/ld+json\" class=\"yoast-schema-graph\">{\"@context\":\"https:\\\/\\\/schema.org\",\"@graph\":[{\"@type\":\"WebPage\",\"@id\":\"https:\\\/\\\/upex.ee\\\/ru\\\/ladustamisteenused\\\/\",\"url\":\"https:\\\/\\\/upex.ee\\\/ru\\\/ladustamisteenused\\\/\",\"name\":\"Ladustamisteenused - Upex\",\"isPartOf\":{\"@id\":\"https:\\\/\\\/upex.ee\\\/#website\"},\"datePublished\":\"2013-02-13T13:30:44+00:00\",\"dateModified\":\"2023-03-03T09:32:42+00:00\",\"breadcrumb\":{\"@id\":\"https:\\\/\\\/upex.ee\\\/ru\\\/ladustamisteenused\\\/#breadcrumb\"},\"inLanguage\":\"ru-RU\",\"potentialAction\":[{\"@type\":\"ReadAction\",\"target\":[\"https:\\\/\\\/upex.ee\\\/ru\\\/ladustamisteenused\\\/\"]}]},{\"@type\":\"BreadcrumbList\",\"@id\":\"https:\\\/\\\/upex.ee\\\/ru\\\/ladustamisteenused\\\/#breadcrumb\",\"itemListElement\":[{\"@type\":\"ListItem\",\"position\":1,\"name\":\"Home\",\"item\":\"https:\\\/\\\/upex.ee\\\/ru\\\/avaleht\\\/\"},{\"@type\":\"ListItem\",\"position\":2,\"name\":\"Ladustamisteenused\"}]},{\"@type\":\"WebSite\",\"@id\":\"https:\\\/\\\/upex.ee\\\/#website\",\"url\":\"https:\\\/\\\/upex.ee\\\/\",\"name\":\"Upex\",\"description\":\"\",\"publisher\":{\"@id\":\"https:\\\/\\\/upex.ee\\\/#organization\"},\"potentialAction\":[{\"@type\":\"SearchAction\",\"target\":{\"@type\":\"EntryPoint\",\"urlTemplate\":\"https:\\\/\\\/upex.ee\\\/?s={search_term_string}\"},\"query-input\":{\"@type\":\"PropertyValueSpecification\",\"valueRequired\":true,\"valueName\":\"search_term_string\"}}],\"inLanguage\":\"ru-RU\"},{\"@type\":\"Organization\",\"@id\":\"https:\\\/\\\/upex.ee\\\/#organization\",\"name\":\"Upex\",\"url\":\"https:\\\/\\\/upex.ee\\\/\",\"logo\":{\"@type\":\"ImageObject\",\"inLanguage\":\"ru-RU\",\"@id\":\"https:\\\/\\\/upex.ee\\\/#\\\/schema\\\/logo\\\/image\\\/\",\"url\":\"https:\\\/\\\/upex.ee\\\/wp-content\\\/uploads\\\/2023\\\/03\\\/UPEX-1.svg\",\"contentUrl\":\"https:\\\/\\\/upex.ee\\\/wp-content\\\/uploads\\\/2023\\\/03\\\/UPEX-1.svg\",\"width\":992,\"height\":452,\"caption\":\"Upex\"},\"image\":{\"@id\":\"https:\\\/\\\/upex.ee\\\/#\\\/schema\\\/logo\\\/image\\\/\"}}]}<\/script>\n<!-- \/ Yoast SEO plugin. -->","yoast_head_json":{"title":"Ladustamisteenused - Upex","robots":{"index":"index","follow":"follow","max-snippet":"max-snippet:-1","max-image-preview":"max-image-preview:large","max-video-preview":"max-video-preview:-1"},"canonical":"https:\/\/upex.ee\/ru\/ladustamisteenused\/","og_locale":"ru_RU","og_type":"article","og_title":"Ladustamisteenused - Upex","og_url":"https:\/\/upex.ee\/ru\/ladustamisteenused\/","og_site_name":"Upex","article_modified_time":"2023-03-03T09:32:42+00:00","twitter_card":"summary_large_image","twitter_misc":{"\u041f\u0440\u0438\u043c\u0435\u0440\u043d\u043e\u0435 \u0432\u0440\u0435\u043c\u044f \u0434\u043b\u044f \u0447\u0442\u0435\u043d\u0438\u044f":"6 minutes"},"schema":{"@context":"https:\/\/schema.org","@graph":[{"@type":"WebPage","@id":"https:\/\/upex.ee\/ru\/ladustamisteenused\/","url":"https:\/\/upex.ee\/ru\/ladustamisteenused\/","name":"Ladustamisteenused - Upex","isPartOf":{"@id":"https:\/\/upex.ee\/#website"},"datePublished":"2013-02-13T13:30:44+00:00","dateModified":"2023-03-03T09:32:42+00:00","breadcrumb":{"@id":"https:\/\/upex.ee\/ru\/ladustamisteenused\/#breadcrumb"},"inLanguage":"ru-RU","potentialAction":[{"@type":"ReadAction","target":["https:\/\/upex.ee\/ru\/ladustamisteenused\/"]}]},{"@type":"BreadcrumbList","@id":"https:\/\/upex.ee\/ru\/ladustamisteenused\/#breadcrumb","itemListElement":[{"@type":"ListItem","position":1,"name":"Home","item":"https:\/\/upex.ee\/ru\/avaleht\/"},{"@type":"ListItem","position":2,"name":"Ladustamisteenused"}]},{"@type":"WebSite","@id":"https:\/\/upex.ee\/#website","url":"https:\/\/upex.ee\/","name":"Upex","description":"","publisher":{"@id":"https:\/\/upex.ee\/#organization"},"potentialAction":[{"@type":"SearchAction","target":{"@type":"EntryPoint","urlTemplate":"https:\/\/upex.ee\/?s={search_term_string}"},"query-input":{"@type":"PropertyValueSpecification","valueRequired":true,"valueName":"search_term_string"}}],"inLanguage":"ru-RU"},{"@type":"Organization","@id":"https:\/\/upex.ee\/#organization","name":"Upex","url":"https:\/\/upex.ee\/","logo":{"@type":"ImageObject","inLanguage":"ru-RU","@id":"https:\/\/upex.ee\/#\/schema\/logo\/image\/","url":"https:\/\/upex.ee\/wp-content\/uploads\/2023\/03\/UPEX-1.svg","contentUrl":"https:\/\/upex.ee\/wp-content\/uploads\/2023\/03\/UPEX-1.svg","width":992,"height":452,"caption":"Upex"},"image":{"@id":"https:\/\/upex.ee\/#\/schema\/logo\/image\/"}}]}},"_links":{"self":[{"href":"https:\/\/upex.ee\/ru\/wp-json\/wp\/v2\/pages\/297","targetHints":{"allow":["GET"]}}],"collection":[{"href":"https:\/\/upex.ee\/ru\/wp-json\/wp\/v2\/pages"}],"about":[{"href":"https:\/\/upex.ee\/ru\/wp-json\/wp\/v2\/types\/page"}],"author":[{"embeddable":true,"href":"https:\/\/upex.ee\/ru\/wp-json\/wp\/v2\/users\/880585"}],"replies":[{"embeddable":true,"href":"https:\/\/upex.ee\/ru\/wp-json\/wp\/v2\/comments?post=297"}],"version-history":[{"count":5,"href":"https:\/\/upex.ee\/ru\/wp-json\/wp\/v2\/pages\/297\/revisions"}],"predecessor-version":[{"id":599,"href":"https:\/\/upex.ee\/ru\/wp-json\/wp\/v2\/pages\/297\/revisions\/599"}],"wp:attachment":[{"href":"https:\/\/upex.ee\/ru\/wp-json\/wp\/v2\/media?parent=297"}],"curies":[{"name":"wp","href":"https:\/\/api.w.org\/{rel}","templated":true}]}}