{"id":302,"date":"2013-02-13T13:29:32","date_gmt":"2013-02-13T13:29:32","guid":{"rendered":"https:\/\/uus.upex.ee\/messid-ja-naitused-2\/"},"modified":"2023-03-03T09:30:08","modified_gmt":"2023-03-03T09:30:08","slug":"messid-ja-naitused","status":"publish","type":"page","link":"https:\/\/upex.ee\/en\/messid-ja-naitused\/","title":{"rendered":"Messid ja N\u00e4itused"},"content":{"rendered":"<div  class='flex_column av-av_one_third-7714eba142aeda1f8b5272a3c372b279 av_one_third  avia-builder-el-0  el_before_av_two_third  avia-builder-el-first  first flex_column_div  '     ><style type=\"text\/css\" data-created_by=\"avia_inline_auto\" id=\"style-css-av-lesc45fq-e152273f7eda350a22c420c177724c75\">\n.avia-image-container.av-lesc45fq-e152273f7eda350a22c420c177724c75 img.avia_image{\nbox-shadow:none;\n}\n.avia-image-container.av-lesc45fq-e152273f7eda350a22c420c177724c75 .av-image-caption-overlay-center{\ncolor:#ffffff;\n}\n<\/style>\n<div  class='avia-image-container av-lesc45fq-e152273f7eda350a22c420c177724c75 av-styling- avia-align-center  avia-builder-el-1  avia-builder-el-no-sibling '   itemprop=\"image\" itemscope=\"itemscope\" itemtype=\"https:\/\/schema.org\/ImageObject\" ><div class=\"avia-image-container-inner\"><div class=\"avia-image-overlay-wrap\"><img decoding=\"async\" fetchpriority=\"high\" class='wp-image-494 avia-img-lazy-loading-not-494 avia_image ' src=\"https:\/\/upex.ee\/wp-content\/uploads\/2013\/02\/Ecobuild-show-at-Earls-Co-001.jpg\" alt='' title='Ecobuild-show-at-Earls-Co-001'  height=\"276\" width=\"460\"  itemprop=\"thumbnailUrl\" srcset=\"https:\/\/upex.ee\/wp-content\/uploads\/2013\/02\/Ecobuild-show-at-Earls-Co-001.jpg 460w, https:\/\/upex.ee\/wp-content\/uploads\/2013\/02\/Ecobuild-show-at-Earls-Co-001-300x180.jpg 300w\" sizes=\"(max-width: 460px) 100vw, 460px\" \/><\/div><\/div><\/div><\/div><div  class='flex_column av-av_two_third-f1c518e9ff58e869f80c8f093487abc9 av_two_third  avia-builder-el-2  el_after_av_one_third  avia-builder-el-last  flex_column_div  '     ><section  class='av_textblock_section av-lesc49q1-29a405e616f4e59c7c85cddf1db739d6 '   itemscope=\"itemscope\" itemtype=\"https:\/\/schema.org\/CreativeWork\" ><div class='avia_textblock'  itemprop=\"text\" ><p align=\"justify\"><strong>UPEX LS O\u00dc<\/strong> omab pikaajalist kogemust messide ja n\u00e4ituste ekspedeerimisel. Alates 1998. aastast oleme toimetanud eksponaate rohkem kui 2000-le \u00fcritusele nii Eestis kui v\u00e4lismaal.\u00a0Nende hulgas n\u00e4itkes &#8211;\u00a0\u00a0\u00a0INTERNATIONAL GREEN WEEK ja\u00a0ITB\u00a0Berliinis; FISH INTERNATIONAL Bremenis; FURNITURE FAIR ja\u00a0NORDBYGG\u00a0Stockholmis; MATKA, MOTOREX, AUTO ja FINNBUILD\u00a0Helsinkis; HEIMTEXTIL, BOOKFAIR, TENDENCE ja\u00a0IMEX Frankfurdis; GENT FLORIALES Gentis; MIPIM Cannes\u00b4is; MITT, TRANSRUSSIA ja\u00a0WORLD FOOD\u00a0Moskvas; AVTOMIR Peterburis; POST EXPO Br\u00fcsselis; HANSEBOOT Hamburgis; PLMA Amsterdamis; SPRING FAIR Birminghamis;\u00a0WTM, ECOBUILD ja\u00a0ICE\u00a0Londonis; CEBITja HANNOVER MESSE\u00a0Hannoveris, BAUFACH Leipzigis; ANUGA, GAFA, IMM, SPOGA ja\u00a0INTERZUM\u00a0K\u00f6lnis; SIAL Pariisis; TUR G\u00f6teborgis; VIVATUR Vilniuses; POST EXPO Brasiilias; EIBTM Barcelonas; REISELIVSMESSEN Oslos; EWEA Kopenhagenis;\u00a0RIGAFOOD ja\u00a0TECHINDUSTRY Riias; EESTI EHITAB, TOUREST, INSTRUTEC, MAAMESS\u00a0ja\u00a0MOTOREX Eestis;\u00a0jpt.<\/p>\n<p align=\"justify\"><strong>UPEX LS O\u00dc <\/strong>omab partnerite v\u00f5rgustikku, mis katab k\u00f5ik suuremad messikeskused nii Euroopas, kui ka mujal maailmas. T\u00e4nu sellele saame pakkuda teile laitmatut ekspedeerimisteenust, mis sisaldab endas messikaupade laadimist, dokumentide vormistamist, vajadusel tollideklaratsioonide tegemist, transporti, laadimisi messikeskustes, kaupade toimetamist ja \u00e4rakorjamist stendilt, pakketaara v\u00f5i kaupade ladustamist messide ajal, jne.<\/p>\n<\/div><\/section><\/div><\/p>\n","protected":false},"excerpt":{"rendered":"","protected":false},"author":880585,"featured_media":0,"parent":0,"menu_order":0,"comment_status":"closed","ping_status":"closed","template":"","meta":{"_acf_changed":false,"footnotes":""},"class_list":["post-302","page","type-page","status-publish","hentry"],"acf":[],"yoast_head":"<!-- This site is optimized with the Yoast SEO plugin v27.3 - https:\/\/yoast.com\/product\/yoast-seo-wordpress\/ -->\n<title>Messid ja N\u00e4itused - Upex<\/title>\n<meta name=\"robots\" content=\"index, follow, max-snippet:-1, max-image-preview:large, max-video-preview:-1\" \/>\n<link rel=\"canonical\" href=\"https:\/\/upex.ee\/en\/messid-ja-naitused\/\" \/>\n<meta property=\"og:locale\" content=\"en_US\" \/>\n<meta property=\"og:type\" content=\"article\" \/>\n<meta property=\"og:title\" content=\"Messid ja N\u00e4itused - Upex\" \/>\n<meta property=\"og:url\" content=\"https:\/\/upex.ee\/en\/messid-ja-naitused\/\" \/>\n<meta property=\"og:site_name\" content=\"Upex\" \/>\n<meta property=\"article:modified_time\" content=\"2023-03-03T09:30:08+00:00\" \/>\n<meta name=\"twitter:card\" content=\"summary_large_image\" \/>\n<meta name=\"twitter:label1\" content=\"Est. reading time\" \/>\n\t<meta name=\"twitter:data1\" content=\"7 minutes\" \/>\n<script type=\"application\/ld+json\" class=\"yoast-schema-graph\">{\"@context\":\"https:\\\/\\\/schema.org\",\"@graph\":[{\"@type\":\"WebPage\",\"@id\":\"https:\\\/\\\/upex.ee\\\/en\\\/messid-ja-naitused\\\/\",\"url\":\"https:\\\/\\\/upex.ee\\\/en\\\/messid-ja-naitused\\\/\",\"name\":\"Messid ja N\u00e4itused - Upex\",\"isPartOf\":{\"@id\":\"https:\\\/\\\/upex.ee\\\/#website\"},\"datePublished\":\"2013-02-13T13:29:32+00:00\",\"dateModified\":\"2023-03-03T09:30:08+00:00\",\"breadcrumb\":{\"@id\":\"https:\\\/\\\/upex.ee\\\/en\\\/messid-ja-naitused\\\/#breadcrumb\"},\"inLanguage\":\"en-US\",\"potentialAction\":[{\"@type\":\"ReadAction\",\"target\":[\"https:\\\/\\\/upex.ee\\\/en\\\/messid-ja-naitused\\\/\"]}]},{\"@type\":\"BreadcrumbList\",\"@id\":\"https:\\\/\\\/upex.ee\\\/en\\\/messid-ja-naitused\\\/#breadcrumb\",\"itemListElement\":[{\"@type\":\"ListItem\",\"position\":1,\"name\":\"Home\",\"item\":\"https:\\\/\\\/upex.ee\\\/en\\\/avaleht\\\/\"},{\"@type\":\"ListItem\",\"position\":2,\"name\":\"Messid ja N\u00e4itused\"}]},{\"@type\":\"WebSite\",\"@id\":\"https:\\\/\\\/upex.ee\\\/#website\",\"url\":\"https:\\\/\\\/upex.ee\\\/\",\"name\":\"Upex\",\"description\":\"\",\"publisher\":{\"@id\":\"https:\\\/\\\/upex.ee\\\/#organization\"},\"potentialAction\":[{\"@type\":\"SearchAction\",\"target\":{\"@type\":\"EntryPoint\",\"urlTemplate\":\"https:\\\/\\\/upex.ee\\\/?s={search_term_string}\"},\"query-input\":{\"@type\":\"PropertyValueSpecification\",\"valueRequired\":true,\"valueName\":\"search_term_string\"}}],\"inLanguage\":\"en-US\"},{\"@type\":\"Organization\",\"@id\":\"https:\\\/\\\/upex.ee\\\/#organization\",\"name\":\"Upex\",\"url\":\"https:\\\/\\\/upex.ee\\\/\",\"logo\":{\"@type\":\"ImageObject\",\"inLanguage\":\"en-US\",\"@id\":\"https:\\\/\\\/upex.ee\\\/#\\\/schema\\\/logo\\\/image\\\/\",\"url\":\"https:\\\/\\\/upex.ee\\\/wp-content\\\/uploads\\\/2023\\\/03\\\/UPEX-1.svg\",\"contentUrl\":\"https:\\\/\\\/upex.ee\\\/wp-content\\\/uploads\\\/2023\\\/03\\\/UPEX-1.svg\",\"width\":992,\"height\":452,\"caption\":\"Upex\"},\"image\":{\"@id\":\"https:\\\/\\\/upex.ee\\\/#\\\/schema\\\/logo\\\/image\\\/\"}}]}<\/script>\n<!-- \/ Yoast SEO plugin. -->","yoast_head_json":{"title":"Messid ja N\u00e4itused - Upex","robots":{"index":"index","follow":"follow","max-snippet":"max-snippet:-1","max-image-preview":"max-image-preview:large","max-video-preview":"max-video-preview:-1"},"canonical":"https:\/\/upex.ee\/en\/messid-ja-naitused\/","og_locale":"en_US","og_type":"article","og_title":"Messid ja N\u00e4itused - Upex","og_url":"https:\/\/upex.ee\/en\/messid-ja-naitused\/","og_site_name":"Upex","article_modified_time":"2023-03-03T09:30:08+00:00","twitter_card":"summary_large_image","twitter_misc":{"Est. reading time":"7 minutes"},"schema":{"@context":"https:\/\/schema.org","@graph":[{"@type":"WebPage","@id":"https:\/\/upex.ee\/en\/messid-ja-naitused\/","url":"https:\/\/upex.ee\/en\/messid-ja-naitused\/","name":"Messid ja N\u00e4itused - Upex","isPartOf":{"@id":"https:\/\/upex.ee\/#website"},"datePublished":"2013-02-13T13:29:32+00:00","dateModified":"2023-03-03T09:30:08+00:00","breadcrumb":{"@id":"https:\/\/upex.ee\/en\/messid-ja-naitused\/#breadcrumb"},"inLanguage":"en-US","potentialAction":[{"@type":"ReadAction","target":["https:\/\/upex.ee\/en\/messid-ja-naitused\/"]}]},{"@type":"BreadcrumbList","@id":"https:\/\/upex.ee\/en\/messid-ja-naitused\/#breadcrumb","itemListElement":[{"@type":"ListItem","position":1,"name":"Home","item":"https:\/\/upex.ee\/en\/avaleht\/"},{"@type":"ListItem","position":2,"name":"Messid ja N\u00e4itused"}]},{"@type":"WebSite","@id":"https:\/\/upex.ee\/#website","url":"https:\/\/upex.ee\/","name":"Upex","description":"","publisher":{"@id":"https:\/\/upex.ee\/#organization"},"potentialAction":[{"@type":"SearchAction","target":{"@type":"EntryPoint","urlTemplate":"https:\/\/upex.ee\/?s={search_term_string}"},"query-input":{"@type":"PropertyValueSpecification","valueRequired":true,"valueName":"search_term_string"}}],"inLanguage":"en-US"},{"@type":"Organization","@id":"https:\/\/upex.ee\/#organization","name":"Upex","url":"https:\/\/upex.ee\/","logo":{"@type":"ImageObject","inLanguage":"en-US","@id":"https:\/\/upex.ee\/#\/schema\/logo\/image\/","url":"https:\/\/upex.ee\/wp-content\/uploads\/2023\/03\/UPEX-1.svg","contentUrl":"https:\/\/upex.ee\/wp-content\/uploads\/2023\/03\/UPEX-1.svg","width":992,"height":452,"caption":"Upex"},"image":{"@id":"https:\/\/upex.ee\/#\/schema\/logo\/image\/"}}]}},"_links":{"self":[{"href":"https:\/\/upex.ee\/en\/wp-json\/wp\/v2\/pages\/302","targetHints":{"allow":["GET"]}}],"collection":[{"href":"https:\/\/upex.ee\/en\/wp-json\/wp\/v2\/pages"}],"about":[{"href":"https:\/\/upex.ee\/en\/wp-json\/wp\/v2\/types\/page"}],"author":[{"embeddable":true,"href":"https:\/\/upex.ee\/en\/wp-json\/wp\/v2\/users\/880585"}],"replies":[{"embeddable":true,"href":"https:\/\/upex.ee\/en\/wp-json\/wp\/v2\/comments?post=302"}],"version-history":[{"count":8,"href":"https:\/\/upex.ee\/en\/wp-json\/wp\/v2\/pages\/302\/revisions"}],"predecessor-version":[{"id":582,"href":"https:\/\/upex.ee\/en\/wp-json\/wp\/v2\/pages\/302\/revisions\/582"}],"wp:attachment":[{"href":"https:\/\/upex.ee\/en\/wp-json\/wp\/v2\/media?parent=302"}],"curies":[{"name":"wp","href":"https:\/\/api.w.org\/{rel}","templated":true}]}}