{"id":288,"date":"2013-02-13T13:29:58","date_gmt":"2013-02-13T13:29:58","guid":{"rendered":"https:\/\/uus.upex.ee\/kolimisteenused-2\/"},"modified":"2023-03-03T09:31:01","modified_gmt":"2023-03-03T09:31:01","slug":"kolimisteenused","status":"publish","type":"page","link":"https:\/\/upex.ee\/en\/kolimisteenused\/","title":{"rendered":"Kolimisteenused"},"content":{"rendered":"<div  class='flex_column av-av_one_third-7714eba142aeda1f8b5272a3c372b279 av_one_third  avia-builder-el-0  el_before_av_two_third  avia-builder-el-first  first flex_column_div  '     ><style type=\"text\/css\" data-created_by=\"avia_inline_auto\" id=\"style-css-av-lesc5aeu-5cc714244ab7238d5206bda951e0e6c5\">\n.avia-image-container.av-lesc5aeu-5cc714244ab7238d5206bda951e0e6c5 img.avia_image{\nbox-shadow:none;\n}\n.avia-image-container.av-lesc5aeu-5cc714244ab7238d5206bda951e0e6c5 .av-image-caption-overlay-center{\ncolor:#ffffff;\n}\n<\/style>\n<div  class='avia-image-container av-lesc5aeu-5cc714244ab7238d5206bda951e0e6c5 av-styling- avia-align-center  avia-builder-el-1  avia-builder-el-no-sibling '   itemprop=\"image\" itemscope=\"itemscope\" itemtype=\"https:\/\/schema.org\/ImageObject\" ><div class=\"avia-image-container-inner\"><div class=\"avia-image-overlay-wrap\"><img decoding=\"async\" fetchpriority=\"high\" class='wp-image-488 avia-img-lazy-loading-not-488 avia_image ' src=\"https:\/\/upex.ee\/wp-content\/uploads\/2013\/02\/8.jpg\" alt='' title='8'  height=\"322\" width=\"520\"  itemprop=\"thumbnailUrl\" srcset=\"https:\/\/upex.ee\/wp-content\/uploads\/2013\/02\/8.jpg 520w, https:\/\/upex.ee\/wp-content\/uploads\/2013\/02\/8-300x185.jpg 300w, https:\/\/upex.ee\/wp-content\/uploads\/2013\/02\/8-484x300.jpg 484w\" sizes=\"(max-width: 520px) 100vw, 520px\" \/><\/div><\/div><\/div><\/div><div  class='flex_column av-av_two_third-f1c518e9ff58e869f80c8f093487abc9 av_two_third  avia-builder-el-2  el_after_av_one_third  avia-builder-el-last  flex_column_div  '     ><section  class='av_textblock_section av-lesc5e4v-3bc1c94e44ddadcd73c12f5b1e43201c '   itemscope=\"itemscope\" itemtype=\"https:\/\/schema.org\/CreativeWork\" ><div class='avia_textblock'  itemprop=\"text\" ><p dir=\"ltr\" align=\"justify\"><b>UPEX LS O\u00dc <\/b>on Teile usaldusv\u00e4\u00e4rseks partneriks pakkudes parima kvaliteediga kolimisteenust. Olles rahvusvahelise <b>Corstjens Worldwide Movers<\/b> <b>Groupi <\/b>ametlik esindaja Eestis omame Teie vajaduste t\u00e4itmiseks vajalike ressursside hulka, kuhu kuuluvad rohkem kui 600 t\u00f6\u00f6tajat enam kui kolmek\u00fcmnes emafirmale alluvas harukontoris peaaegu k\u00f5igis Euroopa riikides, 185 s\u00f5idukit, miljon ruutjalga laopinda. Teostame umbes 70 000 majapidamistarvete vedu aastas.\u00a0 Meil on olemas v\u00f5imsus ja ressursid, et k\u00f5ik t\u00f6\u00f6d \u00f5igeaegselt, efektiivselt ja soodsalt tehtud saaks.<\/p>\n<p><b>Mida me v\u00f5ime Teie heaks teha? <\/b><\/p>\n<p><span style=\"text-decoration: underline;\">Nimekiri meie pakutavatest teenustest<\/span>:<\/p>\n<ul type=\"disc\">\n<li>Kohalik ja rahvusvaheline kolimisteenus<\/li>\n<li>Ettev\u00f5tete ja eraisikute kolimine<\/li>\n<li>Raskete esemete kolimine<\/li>\n<li>Kunsti ja juveelide transport<\/li>\n<li>N\u00e4ituste transport<\/li>\n<li>Pakkematerjalide rent ja m\u00fc\u00fck<\/li>\n<li>Kolimiskindlustus<\/li>\n<li>Ladustamine<\/li>\n<li>Transport<\/li>\n<\/ul>\n<p><b>UPEX LS O\u00dc`l :<\/b><\/p>\n<ul type=\"disc\">\n<li>on olemas ressursid sujuva kolimisprotsessi tagamiseks<\/li>\n<li>on professionaalne l\u00e4henemine iga kliendi vajaduste rahuldamiseks<\/li>\n<li>on kogenud ja motiveeritud kolijate meeskond<\/li>\n<li>kvaliteetne pakkematerjal ja pakkimismeetod<\/li>\n<li>maksimaalne teenuse osutamise hoolsus minimaalsete kulutustega<\/li>\n<\/ul>\n<\/div><\/section><\/div><\/p>\n","protected":false},"excerpt":{"rendered":"","protected":false},"author":880585,"featured_media":0,"parent":0,"menu_order":0,"comment_status":"closed","ping_status":"closed","template":"","meta":{"_acf_changed":false,"footnotes":""},"class_list":["post-288","page","type-page","status-publish","hentry"],"acf":[],"yoast_head":"<!-- This site is optimized with the Yoast SEO plugin v27.3 - https:\/\/yoast.com\/product\/yoast-seo-wordpress\/ -->\n<title>Kolimisteenused - Upex<\/title>\n<meta name=\"robots\" content=\"index, follow, max-snippet:-1, max-image-preview:large, max-video-preview:-1\" \/>\n<link rel=\"canonical\" href=\"https:\/\/upex.ee\/en\/kolimisteenused\/\" \/>\n<meta property=\"og:locale\" content=\"en_US\" \/>\n<meta property=\"og:type\" content=\"article\" \/>\n<meta property=\"og:title\" content=\"Kolimisteenused - Upex\" \/>\n<meta property=\"og:url\" content=\"https:\/\/upex.ee\/en\/kolimisteenused\/\" \/>\n<meta property=\"og:site_name\" content=\"Upex\" \/>\n<meta property=\"article:modified_time\" content=\"2023-03-03T09:31:01+00:00\" \/>\n<meta name=\"twitter:card\" content=\"summary_large_image\" \/>\n<meta name=\"twitter:label1\" content=\"Est. reading time\" \/>\n\t<meta name=\"twitter:data1\" content=\"7 minutes\" \/>\n<script type=\"application\/ld+json\" class=\"yoast-schema-graph\">{\"@context\":\"https:\\\/\\\/schema.org\",\"@graph\":[{\"@type\":\"WebPage\",\"@id\":\"https:\\\/\\\/upex.ee\\\/en\\\/kolimisteenused\\\/\",\"url\":\"https:\\\/\\\/upex.ee\\\/en\\\/kolimisteenused\\\/\",\"name\":\"Kolimisteenused - Upex\",\"isPartOf\":{\"@id\":\"https:\\\/\\\/upex.ee\\\/#website\"},\"datePublished\":\"2013-02-13T13:29:58+00:00\",\"dateModified\":\"2023-03-03T09:31:01+00:00\",\"breadcrumb\":{\"@id\":\"https:\\\/\\\/upex.ee\\\/en\\\/kolimisteenused\\\/#breadcrumb\"},\"inLanguage\":\"en-US\",\"potentialAction\":[{\"@type\":\"ReadAction\",\"target\":[\"https:\\\/\\\/upex.ee\\\/en\\\/kolimisteenused\\\/\"]}]},{\"@type\":\"BreadcrumbList\",\"@id\":\"https:\\\/\\\/upex.ee\\\/en\\\/kolimisteenused\\\/#breadcrumb\",\"itemListElement\":[{\"@type\":\"ListItem\",\"position\":1,\"name\":\"Home\",\"item\":\"https:\\\/\\\/upex.ee\\\/en\\\/avaleht\\\/\"},{\"@type\":\"ListItem\",\"position\":2,\"name\":\"Kolimisteenused\"}]},{\"@type\":\"WebSite\",\"@id\":\"https:\\\/\\\/upex.ee\\\/#website\",\"url\":\"https:\\\/\\\/upex.ee\\\/\",\"name\":\"Upex\",\"description\":\"\",\"publisher\":{\"@id\":\"https:\\\/\\\/upex.ee\\\/#organization\"},\"potentialAction\":[{\"@type\":\"SearchAction\",\"target\":{\"@type\":\"EntryPoint\",\"urlTemplate\":\"https:\\\/\\\/upex.ee\\\/?s={search_term_string}\"},\"query-input\":{\"@type\":\"PropertyValueSpecification\",\"valueRequired\":true,\"valueName\":\"search_term_string\"}}],\"inLanguage\":\"en-US\"},{\"@type\":\"Organization\",\"@id\":\"https:\\\/\\\/upex.ee\\\/#organization\",\"name\":\"Upex\",\"url\":\"https:\\\/\\\/upex.ee\\\/\",\"logo\":{\"@type\":\"ImageObject\",\"inLanguage\":\"en-US\",\"@id\":\"https:\\\/\\\/upex.ee\\\/#\\\/schema\\\/logo\\\/image\\\/\",\"url\":\"https:\\\/\\\/upex.ee\\\/wp-content\\\/uploads\\\/2023\\\/03\\\/UPEX-1.svg\",\"contentUrl\":\"https:\\\/\\\/upex.ee\\\/wp-content\\\/uploads\\\/2023\\\/03\\\/UPEX-1.svg\",\"width\":992,\"height\":452,\"caption\":\"Upex\"},\"image\":{\"@id\":\"https:\\\/\\\/upex.ee\\\/#\\\/schema\\\/logo\\\/image\\\/\"}}]}<\/script>\n<!-- \/ Yoast SEO plugin. -->","yoast_head_json":{"title":"Kolimisteenused - Upex","robots":{"index":"index","follow":"follow","max-snippet":"max-snippet:-1","max-image-preview":"max-image-preview:large","max-video-preview":"max-video-preview:-1"},"canonical":"https:\/\/upex.ee\/en\/kolimisteenused\/","og_locale":"en_US","og_type":"article","og_title":"Kolimisteenused - Upex","og_url":"https:\/\/upex.ee\/en\/kolimisteenused\/","og_site_name":"Upex","article_modified_time":"2023-03-03T09:31:01+00:00","twitter_card":"summary_large_image","twitter_misc":{"Est. reading time":"7 minutes"},"schema":{"@context":"https:\/\/schema.org","@graph":[{"@type":"WebPage","@id":"https:\/\/upex.ee\/en\/kolimisteenused\/","url":"https:\/\/upex.ee\/en\/kolimisteenused\/","name":"Kolimisteenused - Upex","isPartOf":{"@id":"https:\/\/upex.ee\/#website"},"datePublished":"2013-02-13T13:29:58+00:00","dateModified":"2023-03-03T09:31:01+00:00","breadcrumb":{"@id":"https:\/\/upex.ee\/en\/kolimisteenused\/#breadcrumb"},"inLanguage":"en-US","potentialAction":[{"@type":"ReadAction","target":["https:\/\/upex.ee\/en\/kolimisteenused\/"]}]},{"@type":"BreadcrumbList","@id":"https:\/\/upex.ee\/en\/kolimisteenused\/#breadcrumb","itemListElement":[{"@type":"ListItem","position":1,"name":"Home","item":"https:\/\/upex.ee\/en\/avaleht\/"},{"@type":"ListItem","position":2,"name":"Kolimisteenused"}]},{"@type":"WebSite","@id":"https:\/\/upex.ee\/#website","url":"https:\/\/upex.ee\/","name":"Upex","description":"","publisher":{"@id":"https:\/\/upex.ee\/#organization"},"potentialAction":[{"@type":"SearchAction","target":{"@type":"EntryPoint","urlTemplate":"https:\/\/upex.ee\/?s={search_term_string}"},"query-input":{"@type":"PropertyValueSpecification","valueRequired":true,"valueName":"search_term_string"}}],"inLanguage":"en-US"},{"@type":"Organization","@id":"https:\/\/upex.ee\/#organization","name":"Upex","url":"https:\/\/upex.ee\/","logo":{"@type":"ImageObject","inLanguage":"en-US","@id":"https:\/\/upex.ee\/#\/schema\/logo\/image\/","url":"https:\/\/upex.ee\/wp-content\/uploads\/2023\/03\/UPEX-1.svg","contentUrl":"https:\/\/upex.ee\/wp-content\/uploads\/2023\/03\/UPEX-1.svg","width":992,"height":452,"caption":"Upex"},"image":{"@id":"https:\/\/upex.ee\/#\/schema\/logo\/image\/"}}]}},"_links":{"self":[{"href":"https:\/\/upex.ee\/en\/wp-json\/wp\/v2\/pages\/288","targetHints":{"allow":["GET"]}}],"collection":[{"href":"https:\/\/upex.ee\/en\/wp-json\/wp\/v2\/pages"}],"about":[{"href":"https:\/\/upex.ee\/en\/wp-json\/wp\/v2\/types\/page"}],"author":[{"embeddable":true,"href":"https:\/\/upex.ee\/en\/wp-json\/wp\/v2\/users\/880585"}],"replies":[{"embeddable":true,"href":"https:\/\/upex.ee\/en\/wp-json\/wp\/v2\/comments?post=288"}],"version-history":[{"count":4,"href":"https:\/\/upex.ee\/en\/wp-json\/wp\/v2\/pages\/288\/revisions"}],"predecessor-version":[{"id":586,"href":"https:\/\/upex.ee\/en\/wp-json\/wp\/v2\/pages\/288\/revisions\/586"}],"wp:attachment":[{"href":"https:\/\/upex.ee\/en\/wp-json\/wp\/v2\/media?parent=288"}],"curies":[{"name":"wp","href":"https:\/\/api.w.org\/{rel}","templated":true}]}}